{"id":7469,"date":"2025-05-07T09:55:41","date_gmt":"2025-05-07T06:55:41","guid":{"rendered":"https:\/\/uslgroupspa.com\/?post_type=product&#038;p=7469"},"modified":"2025-05-07T09:55:41","modified_gmt":"2025-05-07T06:55:41","slug":"uzerinden-kumandali-sauna-sobasi","status":"publish","type":"product","link":"https:\/\/uslgroupspa.com\/index.php\/urun\/uzerinden-kumandali-sauna-sobasi\/","title":{"rendered":"\u00dczerinden Kumandal\u0131 Sauna Sobas\u0131"},"content":{"rendered":"","protected":false},"excerpt":{"rendered":"","protected":false},"featured_media":7470,"comment_status":"open","ping_status":"closed","template":"","meta":[],"product_brand":[],"product_cat":[51],"product_tag":[],"class_list":{"0":"post-7469","1":"product","2":"type-product","3":"status-publish","4":"has-post-thumbnail","6":"product_cat-urunlerimiz","8":"first","9":"instock","10":"shipping-taxable","11":"purchasable","12":"product-type-simple"},"_links":{"self":[{"href":"https:\/\/uslgroupspa.com\/index.php\/wp-json\/wp\/v2\/product\/7469","targetHints":{"allow":["GET"]}}],"collection":[{"href":"https:\/\/uslgroupspa.com\/index.php\/wp-json\/wp\/v2\/product"}],"about":[{"href":"https:\/\/uslgroupspa.com\/index.php\/wp-json\/wp\/v2\/types\/product"}],"replies":[{"embeddable":true,"href":"https:\/\/uslgroupspa.com\/index.php\/wp-json\/wp\/v2\/comments?post=7469"}],"wp:featuredmedia":[{"embeddable":true,"href":"https:\/\/uslgroupspa.com\/index.php\/wp-json\/wp\/v2\/media\/7470"}],"wp:attachment":[{"href":"https:\/\/uslgroupspa.com\/index.php\/wp-json\/wp\/v2\/media?parent=7469"}],"wp:term":[{"taxonomy":"product_brand","embeddable":true,"href":"https:\/\/uslgroupspa.com\/index.php\/wp-json\/wp\/v2\/product_brand?post=7469"},{"taxonomy":"product_cat","embeddable":true,"href":"https:\/\/uslgroupspa.com\/index.php\/wp-json\/wp\/v2\/product_cat?post=7469"},{"taxonomy":"product_tag","embeddable":true,"href":"https:\/\/uslgroupspa.com\/index.php\/wp-json\/wp\/v2\/product_tag?post=7469"}],"curies":[{"name":"wp","href":"https:\/\/api.w.org\/{rel}","templated":true}]}}