{"id":7283,"date":"2024-11-15T11:27:50","date_gmt":"2024-11-15T08:27:50","guid":{"rendered":"https:\/\/uslgroupspa.com\/?page_id=7283"},"modified":"2024-11-15T14:58:34","modified_gmt":"2024-11-15T11:58:34","slug":"kalite-politikamiz","status":"publish","type":"page","link":"https:\/\/uslgroupspa.com\/index.php\/kalite-politikamiz\/","title":{"rendered":"Kalite Politikamiz"},"content":{"rendered":"\t\t<div data-elementor-type=\"wp-page\" data-elementor-id=\"7283\" class=\"elementor elementor-7283\">\n\t\t\t\t<div class=\"elementor-element elementor-element-5338df8 e-con-full e-flex e-con e-parent\" data-id=\"5338df8\" data-element_type=\"container\">\n\t\t<div class=\"elementor-element elementor-element-eb139e1 e-con-full e-flex e-con e-child\" data-id=\"eb139e1\" data-element_type=\"container\">\n\t\t\t\t<div class=\"elementor-element elementor-element-4faabde elementor-widget elementor-widget-heading\" data-id=\"4faabde\" data-element_type=\"widget\" data-widget_type=\"heading.default\">\n\t\t\t\t<div class=\"elementor-widget-container\">\n\t\t\t<h2 class=\"elementor-heading-title elementor-size-default\">Neden USL Sauna ?\n<\/h2>\t\t<\/div>\n\t\t\t\t<\/div>\n\t\t\t\t<div class=\"elementor-element elementor-element-1aaebf7 elementor-widget__width-initial elementor-widget elementor-widget-text-editor\" data-id=\"1aaebf7\" data-element_type=\"widget\" data-widget_type=\"text-editor.default\">\n\t\t\t\t<div class=\"elementor-widget-container\">\n\t\t\t\t\t\t\t<p style=\"font-weight: 400;\">Kalite ve g\u00fcven felsefesi ele al\u0131narak tak\u0131m ruhu i\u00e7erisinde \u015firket ve birim hedeflerine ula\u015fabilmek.<br \/><span style=\"text-align: var(--text-align);\">S\u00fcrekli iyile\u015ftirme yakla\u015f\u0131m\u0131m\u0131z sayesinde yeni ve yarat\u0131c\u0131 tasar\u0131mlar\u0131n cesaretlendirilmesinde \u00f6nc\u00fc olmak.<br \/><\/span><span style=\"text-align: var(--text-align);\">T\u00fcm m\u00fc\u015fterilerimizin ihtiya\u00e7 ve beklentilerini eksiksiz \u015fekilde kar\u015f\u0131lamak ve tam zaman\u0131nda yerine getirilmesini sa\u011flamak.<br \/><\/span><span style=\"text-align: var(--text-align);\">Sat\u0131\u015f sonras\u0131 hizmetleri eksiksiz ve sorunsuz olarak yerine getirmek.<br \/><\/span><span style=\"text-align: var(--text-align);\">M\u00fc\u015fteri odakl\u0131 \u00e7al\u0131\u015farak \u00e7al\u0131\u015fanlar\u0131m\u0131z\u0131n, tedarik\u00e7ilerimizin ve i\u00e7inde ya\u015fad\u0131\u011f\u0131m\u0131z toplumun beklentilerine duyarl\u0131, sayg\u0131l\u0131, \u00f6rnek bir i\u015fletme olmak.<br \/><\/span><span style=\"text-align: var(--text-align);\">Firma bilinirli\u011fini artt\u0131rarak ve \u00fcr\u00fcn portf\u00f6y\u00fcm\u00fcz\u00fc geni\u015fleterek, potansiyel m\u00fc\u015fteri ve hedef sekt\u00f6r havuzunu geli\u015ftirmek.<br \/><\/span><span style=\"text-align: var(--text-align);\">Daha rekabet\u00e7i hizmetler sunarak, uygulanabilir \u015fartlar\u0131 yerine getirmek ve sekt\u00f6r\u00fcm\u00fczde etkinli\u011fimizi artt\u0131rmak.<\/span><\/p><p style=\"font-weight: 400;\">\u00a0<b><strong>\u00a0 \u00a0 \u00a0 \u00a0 \u00a0 \u00a0 \u00a0 \u00a0 \u00a0 \u00a0 \u00a0 \u00a0 \u00a0 \u00a0 \u00a0 \u00a0 \u00a0 \u00a0 \u00a0 \u00a0 \u00a0 \u00a0 \u00a0 \u00a0 \u00a0 \u00a0 \u00a0 \u00a0 \u00a0 \u00a0 \u00a0 \u00a0 \u00a0 \u00a0 \u00a0 \u00a0 \u00a0 \u00a0 \u00a0 \u00a0 \u00a0 \u00a0 \u00a0 \u00a0 \u00a0 \u00a0 \u00a0 \u00a0 \u00a0 \u00a0 \u00a0 \u00a0 \u00a0 \u00a0 \u00a0 \u00a0 \u00a0 \u00a0 \u00a0 \u00a0 \u00a0 \u00a0 \u00a0 \u00a0 \u00a0 \u00a0 \u00a0 \u00a0 \u00a0 \u00a0 \u00a0 \u00a0F\u0130RMAMIZIN KAL\u0130TE POL\u0130T\u0130KASIDIR.<\/strong><\/b><\/p>\t\t\t\t\t\t<\/div>\n\t\t\t\t<\/div>\n\t\t\t\t<\/div>\n\t\t<div class=\"elementor-element elementor-element-11ec148 e-con-full e-flex e-con e-child\" data-id=\"11ec148\" data-element_type=\"container\">\n\t\t\t\t<div class=\"elementor-element elementor-element-5a6a0aa elementor-widget elementor-widget-image\" data-id=\"5a6a0aa\" data-element_type=\"widget\" data-widget_type=\"image.default\">\n\t\t\t\t<div class=\"elementor-widget-container\">\n\t\t\t\t\t\t\t\t\t\t\t\t\t<img fetchpriority=\"high\" decoding=\"async\" width=\"576\" height=\"1024\" src=\"https:\/\/uslgroupspa.com\/wp-content\/uploads\/2024\/11\/Kalite-576x1024.png\" class=\"attachment-large size-large wp-image-7331\" alt=\"\" srcset=\"https:\/\/uslgroupspa.com\/wp-content\/uploads\/2024\/11\/Kalite-576x1024.png 576w, https:\/\/uslgroupspa.com\/wp-content\/uploads\/2024\/11\/Kalite-169x300.png 169w, https:\/\/uslgroupspa.com\/wp-content\/uploads\/2024\/11\/Kalite-768x1365.png 768w, https:\/\/uslgroupspa.com\/wp-content\/uploads\/2024\/11\/Kalite-864x1536.png 864w, https:\/\/uslgroupspa.com\/wp-content\/uploads\/2024\/11\/Kalite.png 1080w\" sizes=\"(max-width: 576px) 100vw, 576px\" \/>\t\t\t\t\t\t\t\t\t\t\t\t\t<\/div>\n\t\t\t\t<\/div>\n\t\t\t\t<\/div>\n\t\t\t\t<\/div>\n\t\t<div class=\"elementor-element elementor-element-2f5b12e e-flex e-con-boxed e-con e-parent\" data-id=\"2f5b12e\" data-element_type=\"container\">\n\t\t\t\t\t<div class=\"e-con-inner\">\n\t\t\t\t\t<\/div>\n\t\t\t\t<\/div>\n\t\t\t\t<\/div>\n\t\t","protected":false},"excerpt":{"rendered":"<p>Neden USL Sauna ? Kalite ve g\u00fcven felsefesi ele al\u0131narak tak\u0131m ruhu i\u00e7erisinde \u015firket ve birim hedeflerine ula\u015fabilmek.S\u00fcrekli iyile\u015ftirme yakla\u015f\u0131m\u0131m\u0131z sayesinde yeni ve yarat\u0131c\u0131 tasar\u0131mlar\u0131n cesaretlendirilmesinde \u00f6nc\u00fc olmak.T\u00fcm m\u00fc\u015fterilerimizin ihtiya\u00e7 ve beklentilerini eksiksiz \u015fekilde kar\u015f\u0131lamak ve tam zaman\u0131nda yerine getirilmesini sa\u011flamak.Sat\u0131\u015f sonras\u0131 hizmetleri eksiksiz ve sorunsuz olarak yerine getirmek.M\u00fc\u015fteri odakl\u0131 \u00e7al\u0131\u015farak \u00e7al\u0131\u015fanlar\u0131m\u0131z\u0131n, tedarik\u00e7ilerimizin ve i\u00e7inde &hellip; <br \/><a href=\"https:\/\/uslgroupspa.com\/index.php\/kalite-politikamiz\/\" class=\"more-link\">Continue reading <span class=\"screen-reader-text\">Kalite Politikamiz<\/span><\/a><\/p>\n","protected":false},"author":1,"featured_media":0,"parent":0,"menu_order":0,"comment_status":"closed","ping_status":"closed","template":"","meta":{"footnotes":""},"class_list":["post-7283","page","type-page","status-publish","hentry"],"_links":{"self":[{"href":"https:\/\/uslgroupspa.com\/index.php\/wp-json\/wp\/v2\/pages\/7283","targetHints":{"allow":["GET"]}}],"collection":[{"href":"https:\/\/uslgroupspa.com\/index.php\/wp-json\/wp\/v2\/pages"}],"about":[{"href":"https:\/\/uslgroupspa.com\/index.php\/wp-json\/wp\/v2\/types\/page"}],"author":[{"embeddable":true,"href":"https:\/\/uslgroupspa.com\/index.php\/wp-json\/wp\/v2\/users\/1"}],"replies":[{"embeddable":true,"href":"https:\/\/uslgroupspa.com\/index.php\/wp-json\/wp\/v2\/comments?post=7283"}],"version-history":[{"count":16,"href":"https:\/\/uslgroupspa.com\/index.php\/wp-json\/wp\/v2\/pages\/7283\/revisions"}],"predecessor-version":[{"id":7394,"href":"https:\/\/uslgroupspa.com\/index.php\/wp-json\/wp\/v2\/pages\/7283\/revisions\/7394"}],"wp:attachment":[{"href":"https:\/\/uslgroupspa.com\/index.php\/wp-json\/wp\/v2\/media?parent=7283"}],"curies":[{"name":"wp","href":"https:\/\/api.w.org\/{rel}","templated":true}]}}