{"id":41,"date":"2020-11-30T01:55:49","date_gmt":"2020-11-30T01:55:49","guid":{"rendered":"https:\/\/demoapus2.com\/uomo-import\/?page_id=41"},"modified":"2025-10-15T12:28:13","modified_gmt":"2025-10-15T09:28:13","slug":"iletisim","status":"publish","type":"page","link":"https:\/\/uslgroupspa.com\/index.php\/iletisim\/","title":{"rendered":"\u0130leti\u015fim"},"content":{"rendered":"\t\t<div data-elementor-type=\"wp-page\" data-elementor-id=\"41\" class=\"elementor elementor-41\">\n\t\t\t\t<div class=\"elementor-element elementor-element-95635b4 e-flex e-con-boxed e-con e-parent\" data-id=\"95635b4\" data-element_type=\"container\">\n\t\t\t\t\t<div class=\"e-con-inner\">\n\t\t<div class=\"elementor-element elementor-element-4c9205f e-con-full e-flex e-con e-child\" data-id=\"4c9205f\" data-element_type=\"container\">\n\t\t\t\t<div class=\"elementor-element elementor-element-c0f310c elementor-widget elementor-widget-heading\" data-id=\"c0f310c\" data-element_type=\"widget\" data-widget_type=\"heading.default\">\n\t\t\t\t<div class=\"elementor-widget-container\">\n\t\t\t<h2 class=\"elementor-heading-title elementor-size-default\">Showroom Adresimiz<\/h2>\t\t<\/div>\n\t\t\t\t<\/div>\n\t\t\t\t<div class=\"elementor-element elementor-element-0ff7b35 elementor-widget elementor-widget-text-editor\" data-id=\"0ff7b35\" data-element_type=\"widget\" data-widget_type=\"text-editor.default\">\n\t\t\t\t<div class=\"elementor-widget-container\">\n\t\t\t\t\t\t\t<div class=\"elementor-element elementor-element-e6ac054 elementor-widget elementor-widget-text-editor\" data-id=\"e6ac054\" data-element_type=\"widget\" data-widget_type=\"text-editor.default\"><div class=\"elementor-widget-container\"><p>Adres :Oru\u00e7reis Mah. Tekstilkent Cad. G1 Blok No:185 Esenler \/ \u0130STANBUL<br \/><span style=\"text-align: var(--text-align); color: var(--uomo-text-color); font-family: var(--uomo-main-font), Helvetica, Arial, sans-serif; font-weight: var(--uomo-main-font-weight);\">E-Posta Adresimiz : info@uslgroupspa.com<br \/><\/span><span style=\"text-align: var(--text-align); color: var(--uomo-text-color); font-family: var(--uomo-main-font), Helvetica, Arial, sans-serif; font-weight: var(--uomo-main-font-weight);\">Telefon Numaralar\u0131m\u0131z : 0 212 216 08 75 \/\u00a0\u00a0<\/span><a style=\"text-align: var(--text-align); font-family: var(--uomo-main-font), Helvetica, Arial, sans-serif; font-weight: var(--uomo-main-font-weight); background-color: #ffffff;\" href=\"tel:0546%20570%2008%2075\"><span class=\"elementor-icon-list-text\">0 546 570 08 75<\/span><\/a><br \/><span style=\"text-align: var(--text-align); color: var(--uomo-text-color); font-family: var(--uomo-main-font), Helvetica, Arial, sans-serif; font-weight: var(--uomo-main-font-weight);\">Karadeniz B\u00f6lge Sorumlumuz (Musa Kesim) :\u00a0<\/span><a style=\"text-align: var(--text-align); font-family: var(--uomo-main-font), Helvetica, Arial, sans-serif; font-weight: var(--uomo-main-font-weight); background-color: #ffffff;\" href=\"tel:+905058133585\">0 505 813 35 85<\/a><\/p><\/div><\/div>\t\t\t\t\t\t<\/div>\n\t\t\t\t<\/div>\n\t\t\t\t<\/div>\n\t\t<div class=\"elementor-element elementor-element-3f8dd9d e-con-full e-flex e-con e-child\" data-id=\"3f8dd9d\" data-element_type=\"container\">\n\t\t\t\t<div class=\"elementor-element elementor-element-dd1c837 elementor-widget elementor-widget-heading\" data-id=\"dd1c837\" data-element_type=\"widget\" data-widget_type=\"heading.default\">\n\t\t\t\t<div class=\"elementor-widget-container\">\n\t\t\t<h2 class=\"elementor-heading-title elementor-size-default\">\u0130malat ve \u00fcretim Adresimiz<\/h2>\t\t<\/div>\n\t\t\t\t<\/div>\n\t\t\t\t<div class=\"elementor-element elementor-element-22b0a91 elementor-widget elementor-widget-text-editor\" data-id=\"22b0a91\" data-element_type=\"widget\" data-widget_type=\"text-editor.default\">\n\t\t\t\t<div class=\"elementor-widget-container\">\n\t\t\t\t\t\t\t<div class=\"elementor-element elementor-element-e6ac054 elementor-widget elementor-widget-text-editor\" data-id=\"e6ac054\" data-element_type=\"widget\" data-widget_type=\"text-editor.default\"><div class=\"elementor-widget-container\">Oru\u00e7reis Mah. Tekstilkent Cad. G1 Blok No:185 Esenler \/ \u0130STANBUL<\/div><\/div>\t\t\t\t\t\t<\/div>\n\t\t\t\t<\/div>\n\t\t\t\t<div class=\"elementor-element elementor-element-a323ead elementor-widget elementor-widget-heading\" data-id=\"a323ead\" data-element_type=\"widget\" data-widget_type=\"heading.default\">\n\t\t\t\t<div class=\"elementor-widget-container\">\n\t\t\t<h2 class=\"elementor-heading-title elementor-size-default\">Mesai Saatlerimiz<\/h2>\t\t<\/div>\n\t\t\t\t<\/div>\n\t\t\t\t<div class=\"elementor-element elementor-element-e279d0f elementor-widget elementor-widget-text-editor\" data-id=\"e279d0f\" data-element_type=\"widget\" data-widget_type=\"text-editor.default\">\n\t\t\t\t<div class=\"elementor-widget-container\">\n\t\t\t\t\t\t\t<div class=\"elementor-element elementor-element-e6ac054 elementor-widget elementor-widget-text-editor\" data-id=\"e6ac054\" data-element_type=\"widget\" data-widget_type=\"text-editor.default\"><div class=\"elementor-widget-container\"><div class=\"elementor-element elementor-element-f8902f4 elementor-widget elementor-widget-text-editor\" data-id=\"f8902f4\" data-element_type=\"widget\" data-widget_type=\"text-editor.default\"><div class=\"elementor-widget-container\"><p>Hafta \u0130\u00e7i :\u00a0 09:00 \/ 18:00<br \/><span style=\"text-align: var(--text-align); color: var(--uomo-text-color); font-family: var(--uomo-main-font), Helvetica, Arial, sans-serif; font-weight: var(--uomo-main-font-weight);\">Hafta Sonu : 09:00 \/ 13:00<br \/><\/span><span style=\"color: var(--uomo-text-color); font-family: var(--uomo-main-font), Helvetica, Arial, sans-serif; font-weight: var(--uomo-main-font-weight); text-align: var(--text-align);\">7\/24 Dan\u0131\u015fmanl\u0131k Hizmeti<\/span><\/p><\/div><\/div><\/div><\/div>\t\t\t\t\t\t<\/div>\n\t\t\t\t<\/div>\n\t\t\t\t<\/div>\n\t\t\t\t\t<\/div>\n\t\t\t\t<\/div>\n\t\t<div class=\"elementor-element elementor-element-f6b4b9b e-flex e-con-boxed e-con e-parent\" data-id=\"f6b4b9b\" data-element_type=\"container\">\n\t\t\t\t\t<div class=\"e-con-inner\">\n\t\t\t\t<div class=\"elementor-element elementor-element-fb3f56e elementor-widget elementor-widget-google_maps\" data-id=\"fb3f56e\" data-element_type=\"widget\" data-widget_type=\"google_maps.default\">\n\t\t\t\t<div class=\"elementor-widget-container\">\n\t\t\t\t\t<div class=\"elementor-custom-embed\">\n\t\t\t<iframe loading=\"lazy\"\n\t\t\t\t\tsrc=\"https:\/\/maps.google.com\/maps?q=G%C3%B6ztepe%20Mahallesi%202383%20Sokak%20NO%3A6%2FA%20Ba%C4%9Fc%C4%B1lar%20%2F%20%C4%B0STANBUL&#038;t=m&#038;z=14&#038;output=embed&#038;iwloc=near\"\n\t\t\t\t\ttitle=\"G\u00f6ztepe Mahallesi 2383 Sokak NO:6\/A Ba\u011fc\u0131lar \/ \u0130STANBUL\"\n\t\t\t\t\taria-label=\"G\u00f6ztepe Mahallesi 2383 Sokak NO:6\/A Ba\u011fc\u0131lar \/ \u0130STANBUL\"\n\t\t\t><\/iframe>\n\t\t<\/div>\n\t\t\t\t<\/div>\n\t\t\t\t<\/div>\n\t\t\t\t\t<\/div>\n\t\t\t\t<\/div>\n\t\t\t\t<\/div>\n\t\t","protected":false},"excerpt":{"rendered":"<p>Showroom Adresimiz Adres :Oru\u00e7reis Mah. Tekstilkent Cad. G1 Blok No:185 Esenler \/ \u0130STANBULE-Posta Adresimiz : info@uslgroupspa.comTelefon Numaralar\u0131m\u0131z : 0 212 216 08 75 \/\u00a0\u00a00 546 570 08 75Karadeniz B\u00f6lge Sorumlumuz (Musa Kesim) :\u00a00 505 813 35 85 \u0130malat ve \u00fcretim Adresimiz Oru\u00e7reis Mah. Tekstilkent Cad. G1 Blok No:185 Esenler \/ \u0130STANBUL Mesai Saatlerimiz Hafta \u0130\u00e7i &hellip; <br \/><a href=\"https:\/\/uslgroupspa.com\/index.php\/iletisim\/\" class=\"more-link\">Continue reading <span class=\"screen-reader-text\">\u0130leti\u015fim<\/span><\/a><\/p>\n","protected":false},"author":1,"featured_media":0,"parent":0,"menu_order":0,"comment_status":"closed","ping_status":"closed","template":"","meta":{"footnotes":""},"class_list":["post-41","page","type-page","status-publish","hentry"],"_links":{"self":[{"href":"https:\/\/uslgroupspa.com\/index.php\/wp-json\/wp\/v2\/pages\/41","targetHints":{"allow":["GET"]}}],"collection":[{"href":"https:\/\/uslgroupspa.com\/index.php\/wp-json\/wp\/v2\/pages"}],"about":[{"href":"https:\/\/uslgroupspa.com\/index.php\/wp-json\/wp\/v2\/types\/page"}],"author":[{"embeddable":true,"href":"https:\/\/uslgroupspa.com\/index.php\/wp-json\/wp\/v2\/users\/1"}],"replies":[{"embeddable":true,"href":"https:\/\/uslgroupspa.com\/index.php\/wp-json\/wp\/v2\/comments?post=41"}],"version-history":[{"count":10,"href":"https:\/\/uslgroupspa.com\/index.php\/wp-json\/wp\/v2\/pages\/41\/revisions"}],"predecessor-version":[{"id":7483,"href":"https:\/\/uslgroupspa.com\/index.php\/wp-json\/wp\/v2\/pages\/41\/revisions\/7483"}],"wp:attachment":[{"href":"https:\/\/uslgroupspa.com\/index.php\/wp-json\/wp\/v2\/media?parent=41"}],"curies":[{"name":"wp","href":"https:\/\/api.w.org\/{rel}","templated":true}]}}