{"id":39,"date":"2020-11-30T01:55:39","date_gmt":"2020-11-30T01:55:39","guid":{"rendered":"https:\/\/demoapus2.com\/uomo-import\/?page_id=39"},"modified":"2024-11-15T14:58:08","modified_gmt":"2024-11-15T11:58:08","slug":"hakkimizda","status":"publish","type":"page","link":"https:\/\/uslgroupspa.com\/index.php\/hakkimizda\/","title":{"rendered":"Hakk\u0131m\u0131zda"},"content":{"rendered":"\t\t<div data-elementor-type=\"wp-page\" data-elementor-id=\"39\" class=\"elementor elementor-39\">\n\t\t\t\t<div class=\"elementor-element elementor-element-27de3c1 e-con-full e-flex e-con e-parent\" data-id=\"27de3c1\" data-element_type=\"container\">\n\t\t<div class=\"elementor-element elementor-element-5d33452 e-con-full e-flex e-con e-child\" data-id=\"5d33452\" data-element_type=\"container\">\n\t\t\t\t<div class=\"elementor-element elementor-element-18366ac elementor-widget elementor-widget-heading\" data-id=\"18366ac\" data-element_type=\"widget\" data-widget_type=\"heading.default\">\n\t\t\t\t<div class=\"elementor-widget-container\">\n\t\t\t<h2 class=\"elementor-heading-title elementor-size-default\">Sauna, Havuz, Buhar Odas\u0131 Ve T\u00fcrk Hamam\u0131 \u00c7\u00f6z\u00fcm Orta\u011f\u0131n\u0131z...<\/h2>\t\t<\/div>\n\t\t\t\t<\/div>\n\t\t\t\t<div class=\"elementor-element elementor-element-15cb96a elementor-widget__width-initial elementor-widget elementor-widget-text-editor\" data-id=\"15cb96a\" data-element_type=\"widget\" data-widget_type=\"text-editor.default\">\n\t\t\t\t<div class=\"elementor-widget-container\">\n\t\t\t\t\t\t\t<p>\u00dcretim se\u00e7enekleri aras\u0131nda\u00a0<b>Sauna imalat\u0131<\/b>,\u00a0<b>Buhar odas\u0131 imalat\u0131, Havuz imalat\u0131 ,T\u00fcrk hamam\u0131, Tuz odas\u0131 imalat\u0131 , Is\u0131tmal\u0131 ta\u015f yatak<\/b>\u00a0 ve\u00a0<b>\u015eok du\u015f sistemleridir.<br \/><\/b><span style=\"text-align: var(--text-align); font-family: var(--uomo-main-font), Helvetica, Arial, sans-serif; font-weight: var(--uomo-main-font-weight);\">Ayr\u0131ca Bu hizmetlerimizin yan\u0131 s\u0131ra sizlere\u00a0<\/span><b style=\"text-align: var(--text-align); font-family: var(--uomo-main-font), Helvetica, Arial, sans-serif;\">Sauna Sobas\u0131<\/b><span style=\"text-align: var(--text-align); font-family: var(--uomo-main-font), Helvetica, Arial, sans-serif; font-weight: var(--uomo-main-font-weight);\">\u00a0 ekipmanlar\u0131 ,<\/span><b style=\"text-align: var(--text-align); font-family: var(--uomo-main-font), Helvetica, Arial, sans-serif;\">Buhar odas\u0131 jenerat\u00f6r\u00fc<\/b><span style=\"text-align: var(--text-align); font-family: var(--uomo-main-font), Helvetica, Arial, sans-serif; font-weight: var(--uomo-main-font-weight);\">\u00a0ekipmanlar\u0131\u00a0<\/span><b style=\"text-align: var(--text-align); font-family: var(--uomo-main-font), Helvetica, Arial, sans-serif;\">Havuz ekipmanlar\u0131<\/b><span style=\"text-align: var(--text-align); font-family: var(--uomo-main-font), Helvetica, Arial, sans-serif; font-weight: var(--uomo-main-font-weight);\">\u00a0ve\u00a0<\/span><b style=\"text-align: var(--text-align); font-family: var(--uomo-main-font), Helvetica, Arial, sans-serif;\">Havuz kimyasallar\u0131<\/b><span style=\"text-align: var(--text-align); font-family: var(--uomo-main-font), Helvetica, Arial, sans-serif; font-weight: var(--uomo-main-font-weight);\">\u00a0alanlar\u0131nda malzeme tedari\u011fi olarak \u00e7\u00f6z\u00fcm sunmaktay\u0131z.<br \/><\/span><span style=\"text-align: var(--text-align); font-family: var(--uomo-main-font), Helvetica, Arial, sans-serif;\"><span style=\"font-weight: var(--uomo-main-font-weight);\">\u00d6zellikle\u00a0 Dekorasyona hitap eden her alanda \u0130n\u015faat Firmalar\u0131 ,Dekorasyon Firmalar\u0131 , Bireysel ve Kurumsal m\u00fc\u015fterilerin tamam\u0131na mekana \u00f6zel profesyonel \u00e7\u00f6z\u00fcmler sunar.<\/span><br \/><\/span><b style=\"text-align: var(--text-align); font-family: var(--uomo-main-font), Helvetica, Arial, sans-serif;\">USL Sauna<\/b><span style=\"text-align: var(--text-align); font-family: var(--uomo-main-font), Helvetica, Arial, sans-serif; font-weight: var(--uomo-main-font-weight);\">\u00a0T\u00fcrkiye\u2019de ve D\u00fcnya\u2019da\u00a0 Alan\u0131n\u0131n \u00f6nc\u00fc markalar\u0131 ile \u00e7\u00f6z\u00fcm ortakl\u0131\u011f\u0131 yapm\u0131\u015f buralardan edinilmi\u015f olundu\u011fu tecr\u00fcbeler ile\u00a0 Her daim Yenilik\u00e7i konseptler ile kar\u015f\u0131n\u0131za \u00e7\u0131kmaktad\u0131r.<br \/><\/span><span style=\"text-align: var(--text-align); font-family: var(--uomo-main-font), Helvetica, Arial, sans-serif; font-weight: var(--uomo-main-font-weight);\">T\u00fcrkiye\u2019de ve bir \u00e7ok \u00fclkede ba\u015far\u0131l\u0131 projelere imza atan\u00a0<\/span><b style=\"text-align: var(--text-align); font-family: var(--uomo-main-font), Helvetica, Arial, sans-serif;\">USL Sauna\u00a0 Spa &amp; Wellness\u00a0<\/b><span style=\"text-align: var(--text-align); font-family: var(--uomo-main-font), Helvetica, Arial, sans-serif; font-weight: var(--uomo-main-font-weight);\">alan\u0131nda i\u015f geli\u015ftirme uzmanlar\u0131 ile Ar-Ge\u00a0 ba\u015far\u0131l\u0131 bir \u015fekilde yap\u0131p\u00a0 Bunlar\u0131 uygulamalar\u0131na yans\u0131tmaktad\u0131r. Hedeflerimiz\u00a0 Verdi\u011fimiz Hizmetlerde ad\u0131m\u0131zdan Sadece Kalite ve G\u00fcven ile S\u00f6z ettirmektir.<\/span><\/p><p><strong>\u00a0 \u00a0 \u00a0 \u00a0 \u00a0 \u00a0 \u00a0 \u00a0 \u00a0 \u00a0 \u00a0 \u00a0 \u00a0 \u00a0 \u00a0 \u00a0 \u00a0 \u00a0 \u00a0 \u00a0 \u00a0 \u00a0 \u00a0 \u00a0 \u00a0 \u00a0 \u00a0 \u00a0 \u00a0 \u00a0 \u00a0 \u00a0 \u00a0 \u00a0 \u00a0 \u00a0 \u00a0 \u00a0 \u00a0 \u00a0 \u00a0 \u00a0 \u00a0 \u00a0 \u00a0 \u00a0 \u00a0 \u00a0 \u00a0 \u00a0 \u00a0 \u00a0 \u00a0 \u00a0 \u00a0 \u00a0 \u00a0 \u00a0 \u00a0 \u00a0 \u00a0 \u00a0 \u00a0 \u00a0 \u00a0 \u00a0 \u00a0 \u00a0 \u00a0 \u00a0 \u00a0 \u00a0 \u00a0 \u00a0 \u00a0 \u00a0 \u00a0 \u00a0 \u00a0 \u00a0 \u00a0 \u00a0 \u00a0 \u00a0 \u00a0 \u00a0 \u00a0 \u00a0 \u00a0 \u00a0 \u00a0 \u00a0 \u00a0 \u00a0 \u00a0 \u00a0 \u00a0 \u00a0 \u00a0 \u00a0 \u00a0 \u00a0 \u00a0 \u00a0 \u00a0 \u00a0 \u00a0 \u00a0 \u00a0 \u00a0 \u00a0 \u00a0 \u00a0 \u00a0 \u00a0 \u00a0 \u00a0 \u00a0 \u00a0 \u00a0 \u00a0 \u00a0 \u00a0 \u00a0 \u00a0 \u00a0 \u00a0 \u00a0 \u00a0 \u00a0 \u00a0 \u00a0 \u00a0 \u00a0 \u00a0 \u00a0 \u00a0 \u00a0 \u00a0 \u00a0 \u00a0 \u00a0 \u00a0 \u00a0 \u00a0 \u00a0 \u00a0 \u00a0 \u00a0 \u00a0 \u00a0 \u00a0 \u00a0 \u00a0 \u00a0 \u00a0 \u00a0 \u00a0 \u00a0 \u00a0 \u00a0 \u00a0 \u00a0 \u00a0 \u00a0 \u00a0 \u00a0 \u00a0 \u00a0 \u00a0 \u00a0 \u00a0 \u00a0 \u00a0 \u00a0 \u00a0 \u00a0 \u00a0 \u00a0 \u00a0 \u00a0 \u00a0 \u00a0 \u00a0 \u00a0 \u00a0 \u00a0 \u00a0 \u00a0 \u00a0 \u00a0 \u00a0 \u00a0 \u00a0 \u00a0 \u00a0 \u00a0 \u00a0 \u00a0<b>USL SAUNA A\u0130LES\u0130<\/b><\/strong><\/p>\t\t\t\t\t\t<\/div>\n\t\t\t\t<\/div>\n\t\t\t\t<\/div>\n\t\t<div class=\"elementor-element elementor-element-76ac9af e-con-full e-flex e-con e-child\" data-id=\"76ac9af\" data-element_type=\"container\">\n\t\t\t\t<div class=\"elementor-element elementor-element-c249eb4 elementor-widget elementor-widget-image\" data-id=\"c249eb4\" data-element_type=\"widget\" data-widget_type=\"image.default\">\n\t\t\t\t<div class=\"elementor-widget-container\">\n\t\t\t\t\t\t\t\t\t\t\t\t\t<img fetchpriority=\"high\" decoding=\"async\" width=\"512\" height=\"1024\" src=\"https:\/\/uslgroupspa.com\/wp-content\/uploads\/2024\/11\/hakkimizda3-512x1024.png\" class=\"attachment-large size-large wp-image-7291\" alt=\"\" srcset=\"https:\/\/uslgroupspa.com\/wp-content\/uploads\/2024\/11\/hakkimizda3-512x1024.png 512w, https:\/\/uslgroupspa.com\/wp-content\/uploads\/2024\/11\/hakkimizda3-150x300.png 150w, https:\/\/uslgroupspa.com\/wp-content\/uploads\/2024\/11\/hakkimizda3-768x1536.png 768w, https:\/\/uslgroupspa.com\/wp-content\/uploads\/2024\/11\/hakkimizda3.png 1000w\" sizes=\"(max-width: 512px) 100vw, 512px\" \/>\t\t\t\t\t\t\t\t\t\t\t\t\t<\/div>\n\t\t\t\t<\/div>\n\t\t\t\t<\/div>\n\t\t\t\t<\/div>\n\t\t<div class=\"elementor-element elementor-element-118d7d3 e-flex e-con-boxed e-con e-parent\" data-id=\"118d7d3\" data-element_type=\"container\">\n\t\t\t\t\t<div class=\"e-con-inner\">\n\t\t\t\t\t<\/div>\n\t\t\t\t<\/div>\n\t\t\t\t<\/div>\n\t\t","protected":false},"excerpt":{"rendered":"<p>Sauna, Havuz, Buhar Odas\u0131 Ve T\u00fcrk Hamam\u0131 \u00c7\u00f6z\u00fcm Orta\u011f\u0131n\u0131z&#8230; \u00dcretim se\u00e7enekleri aras\u0131nda\u00a0Sauna imalat\u0131,\u00a0Buhar odas\u0131 imalat\u0131, Havuz imalat\u0131 ,T\u00fcrk hamam\u0131, Tuz odas\u0131 imalat\u0131 , Is\u0131tmal\u0131 ta\u015f yatak\u00a0 ve\u00a0\u015eok du\u015f sistemleridir.Ayr\u0131ca Bu hizmetlerimizin yan\u0131 s\u0131ra sizlere\u00a0Sauna Sobas\u0131\u00a0 ekipmanlar\u0131 ,Buhar odas\u0131 jenerat\u00f6r\u00fc\u00a0ekipmanlar\u0131\u00a0Havuz ekipmanlar\u0131\u00a0ve\u00a0Havuz kimyasallar\u0131\u00a0alanlar\u0131nda malzeme tedari\u011fi olarak \u00e7\u00f6z\u00fcm sunmaktay\u0131z.\u00d6zellikle\u00a0 Dekorasyona hitap eden her alanda \u0130n\u015faat Firmalar\u0131 ,Dekorasyon Firmalar\u0131 &hellip; <br \/><a href=\"https:\/\/uslgroupspa.com\/index.php\/hakkimizda\/\" class=\"more-link\">Continue reading <span class=\"screen-reader-text\">Hakk\u0131m\u0131zda<\/span><\/a><\/p>\n","protected":false},"author":1,"featured_media":0,"parent":0,"menu_order":0,"comment_status":"closed","ping_status":"closed","template":"","meta":{"footnotes":""},"class_list":["post-39","page","type-page","status-publish","hentry"],"_links":{"self":[{"href":"https:\/\/uslgroupspa.com\/index.php\/wp-json\/wp\/v2\/pages\/39","targetHints":{"allow":["GET"]}}],"collection":[{"href":"https:\/\/uslgroupspa.com\/index.php\/wp-json\/wp\/v2\/pages"}],"about":[{"href":"https:\/\/uslgroupspa.com\/index.php\/wp-json\/wp\/v2\/types\/page"}],"author":[{"embeddable":true,"href":"https:\/\/uslgroupspa.com\/index.php\/wp-json\/wp\/v2\/users\/1"}],"replies":[{"embeddable":true,"href":"https:\/\/uslgroupspa.com\/index.php\/wp-json\/wp\/v2\/comments?post=39"}],"version-history":[{"count":26,"href":"https:\/\/uslgroupspa.com\/index.php\/wp-json\/wp\/v2\/pages\/39\/revisions"}],"predecessor-version":[{"id":7388,"href":"https:\/\/uslgroupspa.com\/index.php\/wp-json\/wp\/v2\/pages\/39\/revisions\/7388"}],"wp:attachment":[{"href":"https:\/\/uslgroupspa.com\/index.php\/wp-json\/wp\/v2\/media?parent=39"}],"curies":[{"name":"wp","href":"https:\/\/api.w.org\/{rel}","templated":true}]}}