{"id":19,"date":"2020-11-30T01:54:11","date_gmt":"2020-11-30T01:54:11","guid":{"rendered":"https:\/\/demoapus2.com\/uomo-import\/?page_id=19"},"modified":"2024-11-22T10:55:23","modified_gmt":"2024-11-22T07:55:23","slug":"home-4","status":"publish","type":"page","link":"https:\/\/uslgroupspa.com\/","title":{"rendered":"Home 4"},"content":{"rendered":"\t\t<div data-elementor-type=\"wp-page\" data-elementor-id=\"19\" class=\"elementor elementor-19\">\n\t\t\t\t\t\t<section class=\"elementor-section elementor-top-section elementor-element elementor-element-7d85ab9 elementor-section-stretched elementor-section-full_width elementor-section-height-default elementor-section-height-default\" data-id=\"7d85ab9\" data-element_type=\"section\" data-settings=\"{&quot;stretch_section&quot;:&quot;section-stretched&quot;}\">\n\t\t\t\t\t\t<div class=\"elementor-container elementor-column-gap-no\">\n\t\t\t\t\t<div class=\"elementor-column elementor-col-100 elementor-top-column elementor-element elementor-element-eefb8cd\" data-id=\"eefb8cd\" data-element_type=\"column\">\n\t\t\t<div class=\"elementor-widget-wrap elementor-element-populated\">\n\t\t\t\t\t\t<div class=\"elementor-element elementor-element-53e339b elementor-widget elementor-widget-apus_element_revslider\" data-id=\"53e339b\" data-element_type=\"widget\" data-widget_type=\"apus_element_revslider.default\">\n\t\t\t\t<div class=\"elementor-widget-container\">\n\t\t\t        <div class=\"widget-revslider \">\r\n            \n\t\t\t\t<p class=\"rs-p-wp-fix\"><\/p>\n\t\t\t\t<sr7-module data-alias=\"slider-1\" data-id=\"1\" id=\"SR7_1_1\" class=\"rs-ov-hidden\" data-version=\"6.7.18\">\n\t\t\t\t\t<sr7-adjuster><\/sr7-adjuster>\n\t\t\t\t\t<sr7-content>\n\t\t\t\t\t\t<sr7-slide id=\"SR7_1_1-1\" data-key=\"1\">\n\t\t\t\t\t\t\t<sr7-bg id=\"SR7_1_1-1-3\" class=\"sr7-layer\"><noscript><img decoding=\"async\" src=\"https:\/\/uslgroupspa.com\/wp-content\/uploads\/2024\/11\/slider3.png\" alt=\"\" title=\"slider3\"><\/noscript><\/sr7-bg>\n\t\t\t\t\t\t\t<sr7-txt id=\"SR7_1_1-1-0\" class=\"sr7-layer\">USL Group,<\/sr7-txt>\n\t\t\t\t\t\t\t<sr7-txt id=\"SR7_1_1-1-1\" class=\"sr7-layer\">Sauna SPA, imalat\u0131 ve tasar\u0131m <br>faliyet alan\u0131m\u0131z.<\/sr7-txt>\n\t\t\t\t\t\t\t<a id=\"SR7_1_1-1-2\" class=\"sr7-layer\" href=\"https:\/\/www.uslsauna.com\/\" target=\"_self\">Detayl\u0131 incele <i class=\"fa-chevron-right\"><\/i><\/a>\n\t\t\t\t\t\t<\/sr7-slide>\n\t\t\t\t\t\t<sr7-slide id=\"SR7_1_1-2\" data-key=\"2\">\n\t\t\t\t\t\t<\/sr7-slide>\n\t\t\t\t\t<\/sr7-content>\n\t\t\t\t\t<image_lists style=\"display:none\">\n\t\t\t\t\t\t<img data-src=\"\/\/uslgroupspa.com\/wp-content\/uploads\/2024\/11\/slider3.png\" data-libid=\"7329\" data-lib=\"medialibrary\" title=\"slider3\" width=\"0\" height=\"0\" data-dbsrc=\"Ly91c2xncm91cHNwYS5jb20vd3AtY29udGVudC91cGxvYWRzLzIwMjQvMTEvc2xpZGVyMy5wbmc=\"\/>\n\t\t\t\t\t<\/image_lists>\n\t\t\t\t<\/sr7-module>\n\t\t\t\t<script>\n\t\t\t\t\tSR7.PMH ??={}; SR7.PMH[\"SR7_1_1\"] = {cn:0,state:false,fn: function() { if (_tpt!==undefined && _tpt.prepareModuleHeight !== undefined) {  _tpt.prepareModuleHeight({id:\"SR7_1_1\",el:[500,500,768,960,720],type:'standard',shdw:'0',gh:[500,500,413,314,194],gw:[1240,1240,1024,778,480],vpt:['100px'],size:{fullWidth:true, fullHeight:false},mh:'0',onh:0,onw:0,bg:{color:'{\"orig\":\"transparent\",\"type\":\"solid\",\"string\":\"transparent\"}'}});   SR7.PMH[\"SR7_1_1\"].state=true;} else if((SR7.PMH[\"SR7_1_1\"].cn++)<100)\tsetTimeout( SR7.PMH[\"SR7_1_1\"].fn,19);}};SR7.PMH[\"SR7_1_1\" ].fn();\n\t\t\t\t<\/script>\n        <\/div>\r\n        \t\t<\/div>\n\t\t\t\t<\/div>\n\t\t\t\t\t<\/div>\n\t\t<\/div>\n\t\t\t\t\t<\/div>\n\t\t<\/section>\n\t\t<div class=\"elementor-element elementor-element-914ad6a e-flex e-con-boxed e-con e-parent\" data-id=\"914ad6a\" data-element_type=\"container\">\n\t\t\t\t\t<div class=\"e-con-inner\">\n\t\t<div class=\"elementor-element elementor-element-4c231f4 e-con-full e-flex e-con e-child\" data-id=\"4c231f4\" data-element_type=\"container\" data-settings=\"{&quot;background_background&quot;:&quot;classic&quot;}\">\n\t\t\t\t<div class=\"elementor-element elementor-element-db11287 elementor-position-top elementor-widget elementor-widget-image-box\" data-id=\"db11287\" data-element_type=\"widget\" data-widget_type=\"image-box.default\">\n\t\t\t\t<div class=\"elementor-widget-container\">\n\t\t\t<div class=\"elementor-image-box-wrapper\"><figure class=\"elementor-image-box-img\"><a href=\"http:\/\/www.uslsauna.com\" tabindex=\"-1\"><img fetchpriority=\"high\" decoding=\"async\" width=\"1899\" height=\"903\" src=\"https:\/\/uslgroupspa.com\/wp-content\/uploads\/2024\/11\/www.uslsauna.com_.png\" class=\"attachment-full size-full wp-image-7029\" alt=\"\" \/><\/a><\/figure><div class=\"elementor-image-box-content\"><h3 class=\"elementor-image-box-title\"><a href=\"http:\/\/www.uslsauna.com\">www.uslsauna.com<\/a><\/h3><p class=\"elementor-image-box-description\">\u00dcretim se\u00e7enekleri aras\u0131nda Sauna imalat\u0131, Buhar odas\u0131 imalat\u0131, Havuz imalat\u0131 ,T\u00fcrk hamam\u0131, Tuz odas\u0131 imalat\u0131 , Is\u0131tmal\u0131 ta\u015f yatak ve \u015eok du\u015f sistemleridir. <\/p><\/div><\/div>\t\t<\/div>\n\t\t\t\t<\/div>\n\t\t\t\t<\/div>\n\t\t<div class=\"elementor-element elementor-element-ce0147f e-con-full e-flex e-con e-child\" data-id=\"ce0147f\" data-element_type=\"container\" data-settings=\"{&quot;background_background&quot;:&quot;classic&quot;}\">\n\t\t\t\t<div class=\"elementor-element elementor-element-63f51d7 elementor-position-top elementor-widget elementor-widget-image-box\" data-id=\"63f51d7\" data-element_type=\"widget\" data-widget_type=\"image-box.default\">\n\t\t\t\t<div class=\"elementor-widget-container\">\n\t\t\t<div class=\"elementor-image-box-wrapper\"><figure class=\"elementor-image-box-img\"><a href=\"http:\/\/www.saunaaksesuarlari.com\" tabindex=\"-1\"><img decoding=\"async\" width=\"1899\" height=\"892\" src=\"https:\/\/uslgroupspa.com\/wp-content\/uploads\/2024\/11\/www.saunaaksesuarlari.com_.png\" class=\"attachment-full size-full wp-image-7058\" alt=\"\" \/><\/a><\/figure><div class=\"elementor-image-box-content\"><h3 class=\"elementor-image-box-title\"><a href=\"http:\/\/www.saunaaksesuarlari.com\">www.saunaaksesuarlari.com<\/a><\/h3><p class=\"elementor-image-box-description\">Bu hizmetlerimizin yan\u0131 s\u0131ra sizlere Sauna Sobas\u0131 ekipmanlar\u0131 ,Buhar odas\u0131 jenerat\u00f6r\u00fc ekipmanlar\u0131 Havuz ekipmanlar\u0131 ve Havuz kimyasallar\u0131 alanlar\u0131nda malzeme tedari\u011fi olarak \u00e7\u00f6z\u00fcm sunmaktay\u0131z.<\/p><\/div><\/div>\t\t<\/div>\n\t\t\t\t<\/div>\n\t\t\t\t<\/div>\n\t\t\t\t\t<\/div>\n\t\t\t\t<\/div>\n\t\t<div class=\"elementor-element elementor-element-aa2e3b5 e-flex e-con-boxed e-con e-parent\" data-id=\"aa2e3b5\" data-element_type=\"container\">\n\t\t\t\t\t<div class=\"e-con-inner\">\n\t\t<div class=\"elementor-element elementor-element-ec4ec07 e-con-full e-flex e-con e-child\" data-id=\"ec4ec07\" data-element_type=\"container\">\n\t\t\t\t<div class=\"elementor-element elementor-element-e6b1da0 elementor-widget elementor-widget-heading\" data-id=\"e6b1da0\" data-element_type=\"widget\" data-widget_type=\"heading.default\">\n\t\t\t\t<div class=\"elementor-widget-container\">\n\t\t\t<h2 class=\"elementor-heading-title elementor-size-default\">2025 Atrax Aquafun Expo Fuar\u0131<\/h2>\t\t<\/div>\n\t\t\t\t<\/div>\n\t\t\t\t<div class=\"elementor-element elementor-element-21f2ef5 elementor-widget elementor-widget-text-editor\" data-id=\"21f2ef5\" data-element_type=\"widget\" data-widget_type=\"text-editor.default\">\n\t\t\t\t<div class=\"elementor-widget-container\">\n\t\t\t\t\t\t\t<p>USL Group LTD \u015eT\u0130 olarak, 30 Ocak \u2013 1 \u015eubat 2025 tarihlerinde \u0130stanbul\u2019da d\u00fczenlenecek olan <strong>Atrax Aquafun Expo<\/strong> Fuar\u0131&#8217;na kat\u0131laca\u011f\u0131m\u0131z\u0131 b\u00fcy\u00fck bir heyecanla duyurmak isteriz. Bu y\u0131l, sauna, t\u00fcrk hamam\u0131 imalat\u0131&nbsp; ve spa \u00e7\u00f6z\u00fcmleri alan\u0131ndaki en son yeniliklerin tan\u0131t\u0131laca\u011f\u0131 fuarda, firmam\u0131z <strong>sauna imalat\u0131<\/strong> alan\u0131ndaki en yeni \u00fcr\u00fcnlerini ve \u00e7\u00f6z\u00fcmlerini sergileyecektir.<\/p>\n<p><strong>Fuar Hakk\u0131nda \u00d6ne \u00c7\u0131kan Bilgiler:<\/strong><\/p>\n<ul>\n<li><strong>Tarih:<\/strong> 30 Ocak \u2013 1 \u015eubat 2025<\/li>\n<li><strong>Yer:<\/strong> \u0130stanbul Kongre Merkezi, \u0130stanbul, T\u00fcrkiye<\/li>\n<li><strong>Stand Numaras\u0131:<\/strong>&nbsp;HALL 4 &#8211; D110<\/li>\n<\/ul>\n<p>USL Group olarak, sauna imalat\u0131ndaki uzmanl\u0131\u011f\u0131m\u0131z ve kaliteli \u00fcr\u00fcn yelpazemizle sekt\u00f6rdeki fark\u0131m\u0131z\u0131 bir kez daha ortaya koymay\u0131 hedefliyoruz. Modern tasar\u0131mlar, sa\u011fl\u0131kl\u0131 ya\u015fam \u00e7\u00f6z\u00fcmleri ve y\u00fcksek kaliteli malzemelerle \u00fcretti\u011fimiz saunalar, m\u00fc\u015fteri taleplerine \u00f6zel \u00e7\u00f6z\u00fcmler sunarak ya\u015fam alanlar\u0131n\u0131za de\u011fer katmaktad\u0131r.<\/p>\n<p><strong>Fuar boyunca stand\u0131m\u0131zda sergilenecek \u00fcr\u00fcnler:<\/strong><\/p>\n<ul>\n<li><strong>\u00d6zel Tasar\u0131m Saunalar:<\/strong> Farkl\u0131 b\u00fcy\u00fckl\u00fcklerde ve ki\u015fiye \u00f6zel tasar\u0131mlar.<\/li>\n<li><strong>Sobal\u0131 ve Buharl\u0131 Saunalar:<\/strong> Y\u00fcksek verimli ve enerji tasarrufu sa\u011flayan \u0131s\u0131tma sistemleri.<\/li>\n<li><strong>SPA ve Wellness \u00c7\u00f6z\u00fcmleri:<\/strong> Sauna i\u00e7i aksesuarlardan, spa alanlar\u0131nda kullan\u0131labilecek \u00e7e\u015fitli \u00fcr\u00fcnlere kadar geni\u015f bir yelpaze.<\/li>\n<li><strong>Y\u00fcksek Kaliteli Malzeme Se\u00e7enekleri:<\/strong> Do\u011fal ah\u015fap, ta\u015f ve modern malzeme se\u00e7enekleri.<\/li>\n<\/ul>\n<p>Bu fuar, sadece en yeni sauna \u00fcr\u00fcnlerini g\u00f6rmekle kalmayacak, ayn\u0131 zamanda bu alandaki en son trendler ve yenilikler hakk\u0131nda da bilgi edinme f\u0131rsat\u0131 sunacakt\u0131r. Sekt\u00f6rdeki di\u011fer profesyonellerle tan\u0131\u015fmak, i\u015fbirli\u011fi f\u0131rsatlar\u0131n\u0131 de\u011ferlendirmek ve gelecekteki projelerinize ilham almak i\u00e7in fuar olduk\u00e7a verimli ge\u00e7ecektir.<br><span style=\"text-align: var(--text-align); font-family: var(--uomo-main-font), Helvetica, Arial, sans-serif;\"><span style=\"font-weight: var(--uomo-main-font-weight);\">Stand\u0131m\u0131zda sizlere \u00f6zel hizmetlerimizi tan\u0131tmaktan ve sorular\u0131n\u0131z\u0131 yan\u0131tlamaktan b\u00fcy\u00fck memnuniyet duyaca\u011f\u0131z.<\/span><br><\/span><strong style=\"text-align: var(--text-align); font-family: var(--uomo-main-font), Helvetica, Arial, sans-serif;\">Sizi fuar stand\u0131m\u0131zda g\u00f6rmekten mutluluk duyar\u0131z!<\/strong><span style=\"text-align: var(--text-align); font-family: var(--uomo-main-font), Helvetica, Arial, sans-serif; font-weight: var(--uomo-main-font-weight);\"> Kat\u0131l\u0131m\u0131n\u0131z\u0131 teyit etmek veya daha fazla bilgi almak i\u00e7in bizimle ileti\u015fime ge\u00e7ebilirsiniz.<\/span><\/p>\t\t\t\t\t\t<\/div>\n\t\t\t\t<\/div>\n\t\t\t\t<\/div>\n\t\t<div class=\"elementor-element elementor-element-7b07fb3 e-con-full e-flex e-con e-child\" data-id=\"7b07fb3\" data-element_type=\"container\">\n\t\t\t\t<div class=\"elementor-element elementor-element-fee6e9f elementor-widget elementor-widget-image\" data-id=\"fee6e9f\" data-element_type=\"widget\" data-widget_type=\"image.default\">\n\t\t\t\t<div class=\"elementor-widget-container\">\n\t\t\t\t\t\t\t\t\t\t\t\t\t<img loading=\"lazy\" decoding=\"async\" width=\"576\" height=\"1024\" src=\"https:\/\/uslgroupspa.com\/wp-content\/uploads\/2024\/11\/WhatsApp-Image-2024-11-15-at-10.26.00.jpeg\" class=\"attachment-large size-large wp-image-7238\" alt=\"\" \/>\t\t\t\t\t\t\t\t\t\t\t\t\t<\/div>\n\t\t\t\t<\/div>\n\t\t\t\t<\/div>\n\t\t\t\t\t<\/div>\n\t\t\t\t<\/div>\n\t\t<div class=\"elementor-element elementor-element-4ad4729 e-flex e-con-boxed e-con e-parent\" data-id=\"4ad4729\" data-element_type=\"container\">\n\t\t\t\t\t<div class=\"e-con-inner\">\n\t\t\t\t<div class=\"elementor-element elementor-element-569e57b elementor-widget elementor-widget-heading\" data-id=\"569e57b\" data-element_type=\"widget\" data-widget_type=\"heading.default\">\n\t\t\t\t<div class=\"elementor-widget-container\">\n\t\t\t<h2 class=\"elementor-heading-title elementor-size-default\">Fuardan Haberler<\/h2>\t\t<\/div>\n\t\t\t\t<\/div>\n\t\t\t\t\t<\/div>\n\t\t\t\t<\/div>\n\t\t<div class=\"elementor-element elementor-element-65b886f e-flex e-con-boxed e-con e-parent\" data-id=\"65b886f\" data-element_type=\"container\">\n\t\t\t\t\t<div class=\"e-con-inner\">\n\t\t<div class=\"elementor-element elementor-element-44373e9 e-con-full e-flex e-con e-child\" data-id=\"44373e9\" data-element_type=\"container\">\n\t\t\t\t<div class=\"elementor-element elementor-element-23444ad elementor-widget__width-initial elementor-widget elementor-widget-video\" data-id=\"23444ad\" data-element_type=\"widget\" data-settings=\"{&quot;video_type&quot;:&quot;hosted&quot;,&quot;controls&quot;:&quot;yes&quot;}\" data-widget_type=\"video.default\">\n\t\t\t\t<div class=\"elementor-widget-container\">\n\t\t\t\t\t<div class=\"e-hosted-video elementor-wrapper elementor-open-inline\">\n\t\t\t\t\t<video class=\"elementor-video\" src=\"https:\/\/uslgroupspa.com\/wp-content\/uploads\/2024\/11\/fuar-roportaj.mp4\" controls=\"\" preload=\"metadata\" controlsList=\"nodownload\" poster=\"https:\/\/uslgroupspa.com\/wp-content\/uploads\/2024\/11\/IMG_0081-1024x683-1.jpg\"><\/video>\n\t\t\t\t<\/div>\n\t\t\t\t<\/div>\n\t\t\t\t<\/div>\n\t\t\t\t<\/div>\n\t\t<div class=\"elementor-element elementor-element-423ea3e e-con-full e-flex e-con e-child\" data-id=\"423ea3e\" data-element_type=\"container\">\n\t\t\t\t<div class=\"elementor-element elementor-element-00e2631 elementor-widget elementor-widget-heading\" data-id=\"00e2631\" data-element_type=\"widget\" data-widget_type=\"heading.default\">\n\t\t\t\t<div class=\"elementor-widget-container\">\n\t\t\t<h2 class=\"elementor-heading-title elementor-size-default\">2024 Fuar R\u00f6portaj\u0131m\u0131z<\/h2>\t\t<\/div>\n\t\t\t\t<\/div>\n\t\t\t\t<div class=\"elementor-element elementor-element-236ef76 elementor-widget elementor-widget-text-editor\" data-id=\"236ef76\" data-element_type=\"widget\" data-widget_type=\"text-editor.default\">\n\t\t\t\t<div class=\"elementor-widget-container\">\n\t\t\t\t\t\t\t<p>Kullan\u0131c\u0131lar\u0131n iste\u011fine g\u00f6re modern tasar\u0131mlar ger\u00e7ekle\u015ftiren USL Sauna ve SPA, m\u00fc\u015fteri memnuniyetini oda\u011f\u0131na al\u0131yor. Kaliteli \u00fcr\u00fcnleri uygun maliyetle kullan\u0131c\u0131yla bulu\u015fturan USL Sauna ve SPA, sat\u0131\u015f sonras\u0131 destekleriyle de sorunlara k\u0131sa s\u00fcrede \u00e7\u00f6z\u00fcm sunuyor. USL Sauna ve SPA\u2019n\u0131n fuara y\u00f6nelik \u00fcr\u00fcnlerini konu\u015ftu\u011fumuz USL Sauna Kurucusu Sercan Uslu, fuardaki potansiyeli ve en \u00e7ok talep edilen \u00fcr\u00fcnleri anlatt\u0131.<\/p>\t\t\t\t\t\t<\/div>\n\t\t\t\t<\/div>\n\t\t\t\t<\/div>\n\t\t\t\t\t<\/div>\n\t\t\t\t<\/div>\n\t\t<div class=\"elementor-element elementor-element-6634e4b e-flex e-con-boxed e-con e-parent\" data-id=\"6634e4b\" data-element_type=\"container\">\n\t\t\t\t\t<div class=\"e-con-inner\">\n\t\t\t\t<div class=\"elementor-element elementor-element-2fb78bf elementor-widget elementor-widget-heading\" data-id=\"2fb78bf\" data-element_type=\"widget\" data-widget_type=\"heading.default\">\n\t\t\t\t<div class=\"elementor-widget-container\">\n\t\t\t<h2 class=\"elementor-heading-title elementor-size-default\">Group Markalar\u0131m\u0131z<\/h2>\t\t<\/div>\n\t\t\t\t<\/div>\n\t\t\t\t\t<\/div>\n\t\t\t\t<\/div>\n\t\t<div class=\"elementor-element elementor-element-7569d67 elementor-hidden-mobile e-flex e-con-boxed e-con e-parent\" data-id=\"7569d67\" data-element_type=\"container\">\n\t\t\t\t\t<div class=\"e-con-inner\">\n\t\t<div class=\"elementor-element elementor-element-d847470 e-con-full e-flex e-con e-child\" data-id=\"d847470\" data-element_type=\"container\">\n\t\t\t\t<div class=\"elementor-element elementor-element-3cb234a elementor-widget elementor-widget-image\" data-id=\"3cb234a\" data-element_type=\"widget\" data-widget_type=\"image.default\">\n\t\t\t\t<div class=\"elementor-widget-container\">\n\t\t\t\t\t\t\t\t\t\t\t\t\t<img loading=\"lazy\" decoding=\"async\" width=\"396\" height=\"225\" src=\"https:\/\/uslgroupspa.com\/wp-content\/uploads\/2024\/11\/usl-logo-1.png\" class=\"attachment-large size-large wp-image-7264\" alt=\"\" \/>\t\t\t\t\t\t\t\t\t\t\t\t\t<\/div>\n\t\t\t\t<\/div>\n\t\t\t\t<\/div>\n\t\t<div class=\"elementor-element elementor-element-fef0731 e-con-full e-flex e-con e-child\" data-id=\"fef0731\" data-element_type=\"container\">\n\t\t\t\t<div class=\"elementor-element elementor-element-860a701 elementor-widget elementor-widget-image\" data-id=\"860a701\" data-element_type=\"widget\" data-widget_type=\"image.default\">\n\t\t\t\t<div class=\"elementor-widget-container\">\n\t\t\t\t\t\t\t\t\t\t\t\t\t<img loading=\"lazy\" decoding=\"async\" width=\"396\" height=\"225\" src=\"https:\/\/uslgroupspa.com\/wp-content\/uploads\/2024\/11\/usl-logo-4.png\" class=\"attachment-large size-large wp-image-7268\" alt=\"\" \/>\t\t\t\t\t\t\t\t\t\t\t\t\t<\/div>\n\t\t\t\t<\/div>\n\t\t\t\t<\/div>\n\t\t<div class=\"elementor-element elementor-element-43b5794 e-con-full e-flex e-con e-child\" data-id=\"43b5794\" data-element_type=\"container\">\n\t\t\t\t<div class=\"elementor-element elementor-element-58e1131 elementor-widget elementor-widget-image\" data-id=\"58e1131\" data-element_type=\"widget\" data-widget_type=\"image.default\">\n\t\t\t\t<div class=\"elementor-widget-container\">\n\t\t\t\t\t\t\t\t\t\t\t\t\t<img loading=\"lazy\" decoding=\"async\" width=\"396\" height=\"225\" src=\"https:\/\/uslgroupspa.com\/wp-content\/uploads\/2024\/11\/usl-logo-2.png\" class=\"attachment-large size-large wp-image-7265\" alt=\"\" \/>\t\t\t\t\t\t\t\t\t\t\t\t\t<\/div>\n\t\t\t\t<\/div>\n\t\t\t\t<\/div>\n\t\t<div class=\"elementor-element elementor-element-51b4d7b e-con-full e-flex e-con e-child\" data-id=\"51b4d7b\" data-element_type=\"container\">\n\t\t\t\t<div class=\"elementor-element elementor-element-5e4339c elementor-widget elementor-widget-image\" data-id=\"5e4339c\" data-element_type=\"widget\" data-widget_type=\"image.default\">\n\t\t\t\t<div class=\"elementor-widget-container\">\n\t\t\t\t\t\t\t\t\t\t\t\t\t<img loading=\"lazy\" decoding=\"async\" width=\"396\" height=\"225\" src=\"https:\/\/uslgroupspa.com\/wp-content\/uploads\/2024\/11\/usl-logo-3.png\" class=\"attachment-large size-large wp-image-7266\" alt=\"\" \/>\t\t\t\t\t\t\t\t\t\t\t\t\t<\/div>\n\t\t\t\t<\/div>\n\t\t\t\t<\/div>\n\t\t\t\t\t<\/div>\n\t\t\t\t<\/div>\n\t\t\t\t<\/div>\n\t\t","protected":false},"excerpt":{"rendered":"<p>www.uslsauna.com \u00dcretim se\u00e7enekleri aras\u0131nda Sauna imalat\u0131, Buhar odas\u0131 imalat\u0131, Havuz imalat\u0131 ,T\u00fcrk hamam\u0131, Tuz odas\u0131 imalat\u0131 , Is\u0131tmal\u0131 ta\u015f yatak ve \u015eok du\u015f sistemleridir. www.saunaaksesuarlari.com Bu hizmetlerimizin yan\u0131 s\u0131ra sizlere Sauna Sobas\u0131 ekipmanlar\u0131 ,Buhar odas\u0131 jenerat\u00f6r\u00fc ekipmanlar\u0131 Havuz ekipmanlar\u0131 ve Havuz kimyasallar\u0131 alanlar\u0131nda malzeme tedari\u011fi olarak \u00e7\u00f6z\u00fcm sunmaktay\u0131z. 2025 Atrax Aquafun Expo Fuar\u0131 USL Group &hellip; <br \/><a href=\"https:\/\/uslgroupspa.com\/\" class=\"more-link\">Continue reading <span class=\"screen-reader-text\">Home 4<\/span><\/a><\/p>\n","protected":false},"author":1,"featured_media":0,"parent":0,"menu_order":0,"comment_status":"closed","ping_status":"closed","template":"","meta":{"footnotes":""},"class_list":["post-19","page","type-page","status-publish","hentry"],"_links":{"self":[{"href":"https:\/\/uslgroupspa.com\/index.php\/wp-json\/wp\/v2\/pages\/19","targetHints":{"allow":["GET"]}}],"collection":[{"href":"https:\/\/uslgroupspa.com\/index.php\/wp-json\/wp\/v2\/pages"}],"about":[{"href":"https:\/\/uslgroupspa.com\/index.php\/wp-json\/wp\/v2\/types\/page"}],"author":[{"embeddable":true,"href":"https:\/\/uslgroupspa.com\/index.php\/wp-json\/wp\/v2\/users\/1"}],"replies":[{"embeddable":true,"href":"https:\/\/uslgroupspa.com\/index.php\/wp-json\/wp\/v2\/comments?post=19"}],"version-history":[{"count":145,"href":"https:\/\/uslgroupspa.com\/index.php\/wp-json\/wp\/v2\/pages\/19\/revisions"}],"predecessor-version":[{"id":7404,"href":"https:\/\/uslgroupspa.com\/index.php\/wp-json\/wp\/v2\/pages\/19\/revisions\/7404"}],"wp:attachment":[{"href":"https:\/\/uslgroupspa.com\/index.php\/wp-json\/wp\/v2\/media?parent=19"}],"curies":[{"name":"wp","href":"https:\/\/api.w.org\/{rel}","templated":true}]}}